{"id":21979,"date":"2022-08-23T16:49:12","date_gmt":"2022-08-23T21:49:12","guid":{"rendered":"https:\/\/garcesbottier.com\/?post_type=product&#038;p=21979"},"modified":"2026-02-09T11:48:42","modified_gmt":"2026-02-09T16:48:42","slug":"liza-negra","status":"publish","type":"product","link":"https:\/\/garcesbottier.com\/en\/tienda\/botas\/liza-negra\/","title":{"rendered":"Black Liza"},"content":{"rendered":"<p>El bot\u00edn Liza es un \u00edcono de estilo y sofisticaci\u00f3n. Su silueta limpia, puntuda y estilizada lo convierte en un must-have de la marca, ideal para elevar cualquier look con elegancia atemporal. El detalle protagonista: su tac\u00f3n de 6,5 cm en madera, con forma de ondas, que le da un car\u00e1cter art\u00edstico y \u00fanico sin sacrificar comodidad. Una pieza vers\u00e1til, moderna y poderosa.<\/p>\n<p><strong>Details:<\/strong><\/p>\n<ul>\n<li>Bot\u00edn de punta estilizada<\/li>\n<li>Tac\u00f3n escultural en madera de 6,5 cm con forma de ondas<\/li>\n<li>Elaborado en cuero genuino<\/li>\n<li>Natural leather lining<\/li>\n<li>Sole with non-slip finish<\/li>\n<li>Plantilla acolchada<\/li>\n<\/ul>\n<p class=\"\" data-start=\"782\" data-end=\"803\"><strong data-start=\"782\" data-end=\"803\">Made in Colombia<\/strong><\/p>\n<p class=\"\" data-start=\"805\" data-end=\"1051\">Orders will be shipped within the next ten (10) business days from the day of purchase<br data-start=\"905\" data-end=\"908\" \/>Los cambios y devoluciones se recibir\u00e1n en un plazo no mayor a treinta (30) d\u00edas calendario; los art\u00edculos no deben presentar evidencia de uso.<\/p>","protected":false},"excerpt":{"rendered":"<p>El bot\u00edn Liza es un \u00edcono de estilo y sofisticaci\u00f3n. Su silueta limpia, puntuda y estilizada lo convierte en un must-have de la marca, ideal para elevar cualquier look con elegancia atemporal. El detalle protagonista: su tac\u00f3n de 6,5 cm en madera, con forma de ondas, que le da un car\u00e1cter art\u00edstico y \u00fanico sin [&hellip;]<\/p>\n","protected":false},"featured_media":22058,"comment_status":"open","ping_status":"closed","template":"","meta":[],"product_brand":[],"product_cat":[327,286,285,329,34,326],"product_tag":[56,29,28,107,26,30,58,111,114,113,21,22,54,44,43,55,100,24],"class_list":{"0":"post-21979","1":"product","2":"type-product","3":"status-publish","4":"has-post-thumbnail","6":"product_cat-botas","7":"product_cat-botas-y-botines","8":"product_cat-heritage","9":"product_cat-musthave","10":"product_cat-tacon_alto","11":"product_cat-tacones","12":"product_tag-american","13":"product_tag-artesanal","14":"product_tag-colombia","15":"product_tag-colombian","16":"product_tag-colombiano","17":"product_tag-cuero","18":"product_tag-fashion","19":"product_tag-handmade","20":"product_tag-high-heel-shoes","21":"product_tag-leather","22":"product_tag-mujer","23":"product_tag-mujeres","24":"product_tag-shoes","25":"product_tag-stilettos","26":"product_tag-tacones","27":"product_tag-woman","28":"product_tag-women","29":"product_tag-zapatos","31":"first","32":"instock","33":"shipping-taxable","34":"purchasable","35":"product-type-variable","36":"rtwpvs-product"},"_links":{"self":[{"href":"https:\/\/garcesbottier.com\/en\/wp-json\/wp\/v2\/product\/21979","targetHints":{"allow":["GET"]}}],"collection":[{"href":"https:\/\/garcesbottier.com\/en\/wp-json\/wp\/v2\/product"}],"about":[{"href":"https:\/\/garcesbottier.com\/en\/wp-json\/wp\/v2\/types\/product"}],"replies":[{"embeddable":true,"href":"https:\/\/garcesbottier.com\/en\/wp-json\/wp\/v2\/comments?post=21979"}],"wp:featuredmedia":[{"embeddable":true,"href":"https:\/\/garcesbottier.com\/en\/wp-json\/wp\/v2\/media\/22058"}],"wp:attachment":[{"href":"https:\/\/garcesbottier.com\/en\/wp-json\/wp\/v2\/media?parent=21979"}],"wp:term":[{"taxonomy":"product_brand","embeddable":true,"href":"https:\/\/garcesbottier.com\/en\/wp-json\/wp\/v2\/product_brand?post=21979"},{"taxonomy":"product_cat","embeddable":true,"href":"https:\/\/garcesbottier.com\/en\/wp-json\/wp\/v2\/product_cat?post=21979"},{"taxonomy":"product_tag","embeddable":true,"href":"https:\/\/garcesbottier.com\/en\/wp-json\/wp\/v2\/product_tag?post=21979"}],"curies":[{"name":"wp","href":"https:\/\/api.w.org\/{rel}","templated":true}]}}