{"id":22128,"date":"2022-08-24T16:50:00","date_gmt":"2022-08-24T21:50:00","guid":{"rendered":"https:\/\/garcesbottier.com\/?post_type=product&#038;p=22128"},"modified":"2026-02-02T12:05:36","modified_gmt":"2026-02-02T17:05:36","slug":"iris-hueso","status":"publish","type":"product","link":"https:\/\/garcesbottier.com\/en\/tienda\/planos\/iris-hueso\/","title":{"rendered":"Iris Bone"},"content":{"rendered":"<p>Las sandalias <strong data-start=\"194\" data-end=\"202\">Iris<\/strong> hacen parte de nuestra colecci\u00f3n Paradise, con una silueta minimalista y contempor\u00e1nea que combina elegancia y comodidad. Su dise\u00f1o plano en cuero genuino, con acabado artesanal y forro en cuero natural, las convierte en el aliado perfecto para un estilo sofisticado de verano.<\/p>\n<p data-start=\"484\" data-end=\"499\"><strong data-start=\"484\" data-end=\"497\">Details:<\/strong><\/p>\n<ul>\n<li data-start=\"502\" data-end=\"540\">Sandalia plana de dise\u00f1o minimalista<\/li>\n<li data-start=\"543\" data-end=\"572\">Elaboradas en cuero genuino<\/li>\n<li data-start=\"575\" data-end=\"599\">Natural leather lining<\/li>\n<li data-start=\"602\" data-end=\"642\">Plantilla acolchada para mayor confort<\/li>\n<li data-start=\"645\" data-end=\"676\">Suela antideslizante y ligera<\/li>\n<li data-start=\"679\" data-end=\"719\">Hechas a mano con acabados artesanales<\/li>\n<\/ul>\n<p data-start=\"679\" data-end=\"719\"><strong data-start=\"834\" data-end=\"855\">Made in Colombia<\/strong><\/p>\n<p data-start=\"679\" data-end=\"719\">Orders will be shipped within the next ten (10) business days from the day of purchase<br data-start=\"851\" data-end=\"854\" \/>Los cambios y devoluciones se recibir\u00e1n en un plazo no mayor a treinta (30) d\u00edas calendario; los art\u00edculos no deben presentar evidencia de uso.<\/p>","protected":false},"excerpt":{"rendered":"<p>Las sandalias Iris hacen parte de nuestra colecci\u00f3n Paradise, con una silueta minimalista y contempor\u00e1nea que combina elegancia y comodidad. Su dise\u00f1o plano en cuero genuino, con acabado artesanal y forro en cuero natural, las convierte en el aliado perfecto para un estilo sofisticado de verano. Detalles: Sandalia plana de dise\u00f1o minimalista Elaboradas en cuero [&hellip;]<\/p>\n","protected":false},"featured_media":22151,"comment_status":"open","ping_status":"closed","template":"","meta":[],"product_brand":[],"product_cat":[18,325],"product_tag":[56,29,28,107,26,30,58,111,113,21,22,50,20,124,54,55,100,24],"class_list":{"0":"post-22128","1":"product","2":"type-product","3":"status-publish","4":"has-post-thumbnail","6":"product_cat-planos","7":"product_cat-sandalias","8":"product_tag-american","9":"product_tag-artesanal","10":"product_tag-colombia","11":"product_tag-colombian","12":"product_tag-colombiano","13":"product_tag-cuero","14":"product_tag-fashion","15":"product_tag-handmade","16":"product_tag-leather","17":"product_tag-mujer","18":"product_tag-mujeres","19":"product_tag-sandaliaencuero","20":"product_tag-sandalias","21":"product_tag-sandalleather","22":"product_tag-shoes","23":"product_tag-woman","24":"product_tag-women","25":"product_tag-zapatos","27":"first","28":"instock","29":"shipping-taxable","30":"purchasable","31":"product-type-variable","32":"rtwpvs-product"},"_links":{"self":[{"href":"https:\/\/garcesbottier.com\/en\/wp-json\/wp\/v2\/product\/22128","targetHints":{"allow":["GET"]}}],"collection":[{"href":"https:\/\/garcesbottier.com\/en\/wp-json\/wp\/v2\/product"}],"about":[{"href":"https:\/\/garcesbottier.com\/en\/wp-json\/wp\/v2\/types\/product"}],"replies":[{"embeddable":true,"href":"https:\/\/garcesbottier.com\/en\/wp-json\/wp\/v2\/comments?post=22128"}],"wp:featuredmedia":[{"embeddable":true,"href":"https:\/\/garcesbottier.com\/en\/wp-json\/wp\/v2\/media\/22151"}],"wp:attachment":[{"href":"https:\/\/garcesbottier.com\/en\/wp-json\/wp\/v2\/media?parent=22128"}],"wp:term":[{"taxonomy":"product_brand","embeddable":true,"href":"https:\/\/garcesbottier.com\/en\/wp-json\/wp\/v2\/product_brand?post=22128"},{"taxonomy":"product_cat","embeddable":true,"href":"https:\/\/garcesbottier.com\/en\/wp-json\/wp\/v2\/product_cat?post=22128"},{"taxonomy":"product_tag","embeddable":true,"href":"https:\/\/garcesbottier.com\/en\/wp-json\/wp\/v2\/product_tag?post=22128"}],"curies":[{"name":"wp","href":"https:\/\/api.w.org\/{rel}","templated":true}]}}