{"id":22629,"date":"2023-03-29T08:31:34","date_gmt":"2023-03-29T13:31:34","guid":{"rendered":"https:\/\/garcesbottier.com\/?post_type=product&#038;p=22629"},"modified":"2024-11-06T21:38:33","modified_gmt":"2024-11-07T02:38:33","slug":"caetana-oliva","status":"publish","type":"product","link":"https:\/\/garcesbottier.com\/en\/tienda\/marrakech\/caetana-oliva\/","title":{"rendered":"Caetana Oliva"},"content":{"rendered":"<p>''Sueco en cuero suave<br \/>\nLeather Lining<br \/>\nLeather-wrapped footbed<br \/>\nMan-made sole and heel cap<br \/>\nPlataforma de madera de 7 cm<\/p>\n<p>Made in Colombia<\/p>\n<p>Orders will be shipped within the next ten (10) business days from the day of purchase<br \/>\nChanges and Returns will be received within a period not exceeding thirty (30) calendar days; items must not present evidence of us<\/p>","protected":false},"excerpt":{"rendered":"<p>''Sueco en cuero suave Forro de cuero Plantilla forrada en cuero Suela y capellada hechos a mano Plataforma de madera de 7 cm Hecho en Colombia Los pedidos se enviar\u00e1n dentro de los pr\u00f3ximos diez (10) d\u00edas h\u00e1biles a partir del d\u00eda de la compra. Los Cambios y Devoluciones se recibir\u00e1n en un plazo no [&hellip;]<\/p>\n","protected":false},"featured_media":22630,"comment_status":"open","ping_status":"closed","template":"","meta":[],"product_brand":[],"product_cat":[294,160,150],"product_tag":[56,29,28,107,26,30,58,292,111,113,21,22,54,55,100,24],"class_list":{"0":"post-22629","1":"product","2":"type-product","3":"status-publish","4":"has-post-thumbnail","6":"product_cat-marrakech","7":"product_cat-platforms","8":"product_cat-todos","9":"product_tag-american","10":"product_tag-artesanal","11":"product_tag-colombia","12":"product_tag-colombian","13":"product_tag-colombiano","14":"product_tag-cuero","15":"product_tag-fashion","16":"product_tag-flats","17":"product_tag-handmade","18":"product_tag-leather","19":"product_tag-mujer","20":"product_tag-mujeres","21":"product_tag-shoes","22":"product_tag-woman","23":"product_tag-women","24":"product_tag-zapatos","26":"first","27":"instock","28":"shipping-taxable","29":"purchasable","30":"product-type-variable","31":"rtwpvs-product"},"_links":{"self":[{"href":"https:\/\/garcesbottier.com\/en\/wp-json\/wp\/v2\/product\/22629","targetHints":{"allow":["GET"]}}],"collection":[{"href":"https:\/\/garcesbottier.com\/en\/wp-json\/wp\/v2\/product"}],"about":[{"href":"https:\/\/garcesbottier.com\/en\/wp-json\/wp\/v2\/types\/product"}],"replies":[{"embeddable":true,"href":"https:\/\/garcesbottier.com\/en\/wp-json\/wp\/v2\/comments?post=22629"}],"wp:featuredmedia":[{"embeddable":true,"href":"https:\/\/garcesbottier.com\/en\/wp-json\/wp\/v2\/media\/22630"}],"wp:attachment":[{"href":"https:\/\/garcesbottier.com\/en\/wp-json\/wp\/v2\/media?parent=22629"}],"wp:term":[{"taxonomy":"product_brand","embeddable":true,"href":"https:\/\/garcesbottier.com\/en\/wp-json\/wp\/v2\/product_brand?post=22629"},{"taxonomy":"product_cat","embeddable":true,"href":"https:\/\/garcesbottier.com\/en\/wp-json\/wp\/v2\/product_cat?post=22629"},{"taxonomy":"product_tag","embeddable":true,"href":"https:\/\/garcesbottier.com\/en\/wp-json\/wp\/v2\/product_tag?post=22629"}],"curies":[{"name":"wp","href":"https:\/\/api.w.org\/{rel}","templated":true}]}}