{"id":23349,"date":"2024-03-06T15:47:50","date_gmt":"2024-03-06T20:47:50","guid":{"rendered":"https:\/\/garcesbottier.com\/?post_type=product&#038;p=23349"},"modified":"2026-02-02T14:16:37","modified_gmt":"2026-02-02T19:16:37","slug":"matisse7-bitono-negro","status":"publish","type":"product","link":"https:\/\/garcesbottier.com\/en\/tienda\/popsicle\/matisse7-bitono-negro\/","title":{"rendered":"Matisse7 Bitono Negro"},"content":{"rendered":"<p>Las <strong data-start=\"171\" data-end=\"183\">Matisse7<\/strong> son nuestras sandalias m\u00e1s ic\u00f3nicas y aclamadas, reconocidas por su silueta \u00fanica y su aut\u00e9ntica inspiraci\u00f3n en la obra del artista <strong data-start=\"316\" data-end=\"334\">Maison Matisse<\/strong>. Este modelo tipo bot\u00edn, elaborado en cuero genuino, es una pieza de autor que fusiona arte, dise\u00f1o y sofisticaci\u00f3n. Su tac\u00f3n estructural torneado en madera de 7,5 cm no solo aporta altura, sino tambi\u00e9n una presencia escult\u00f3rica que transforma cada paso en una declaraci\u00f3n creativa.<\/p>\n<p><strong>Details:<\/strong><\/p>\n<ul>\n<li>Sandalia tipo bot\u00edn en cuero genuino<\/li>\n<li>Tac\u00f3n torneado en madera de 7,5 cm<\/li>\n<li>Forro 100% en cuero natural<\/li>\n<li>Plantilla acolchada para mayor confort<\/li>\n<li>Sole with non-slip finish<\/li>\n<li>Hechas a mano con acabados artesanales<\/li>\n<\/ul>\n<p class=\"\" data-start=\"925\" data-end=\"946\"><strong data-start=\"925\" data-end=\"946\">Made in Colombia<\/strong><\/p>\n<p class=\"\" data-start=\"948\" data-end=\"1194\">Orders will be shipped within the next ten (10) business days from the day of purchase<br data-start=\"1048\" data-end=\"1051\" \/>Los cambios y devoluciones se recibir\u00e1n en un plazo no mayor a treinta (30) d\u00edas calendario; los art\u00edculos no deben presentar evidencia de uso.<\/p>","protected":false},"excerpt":{"rendered":"<p>Las Matisse7 son nuestras sandalias m\u00e1s ic\u00f3nicas y aclamadas, reconocidas por su silueta \u00fanica y su aut\u00e9ntica inspiraci\u00f3n en la obra del artista Maison Matisse. Este modelo tipo bot\u00edn, elaborado en cuero genuino, es una pieza de autor que fusiona arte, dise\u00f1o y sofisticaci\u00f3n. Su tac\u00f3n estructural torneado en madera de 7,5 cm no solo [&hellip;]<\/p>\n","protected":false},"featured_media":23482,"comment_status":"open","ping_status":"closed","template":"","meta":[],"product_brand":[],"product_cat":[297,326],"product_tag":[29,27,28,26,30,21,50,20,55],"class_list":{"0":"post-23349","1":"product","2":"type-product","3":"status-publish","4":"has-post-thumbnail","6":"product_cat-popsicle","7":"product_cat-tacones","8":"product_tag-artesanal","9":"product_tag-bucaramanga","10":"product_tag-colombia","11":"product_tag-colombiano","12":"product_tag-cuero","13":"product_tag-mujer","14":"product_tag-sandaliaencuero","15":"product_tag-sandalias","16":"product_tag-woman","18":"first","19":"instock","20":"shipping-taxable","21":"purchasable","22":"product-type-variable","23":"rtwpvs-product"},"_links":{"self":[{"href":"https:\/\/garcesbottier.com\/en\/wp-json\/wp\/v2\/product\/23349","targetHints":{"allow":["GET"]}}],"collection":[{"href":"https:\/\/garcesbottier.com\/en\/wp-json\/wp\/v2\/product"}],"about":[{"href":"https:\/\/garcesbottier.com\/en\/wp-json\/wp\/v2\/types\/product"}],"replies":[{"embeddable":true,"href":"https:\/\/garcesbottier.com\/en\/wp-json\/wp\/v2\/comments?post=23349"}],"wp:featuredmedia":[{"embeddable":true,"href":"https:\/\/garcesbottier.com\/en\/wp-json\/wp\/v2\/media\/23482"}],"wp:attachment":[{"href":"https:\/\/garcesbottier.com\/en\/wp-json\/wp\/v2\/media?parent=23349"}],"wp:term":[{"taxonomy":"product_brand","embeddable":true,"href":"https:\/\/garcesbottier.com\/en\/wp-json\/wp\/v2\/product_brand?post=23349"},{"taxonomy":"product_cat","embeddable":true,"href":"https:\/\/garcesbottier.com\/en\/wp-json\/wp\/v2\/product_cat?post=23349"},{"taxonomy":"product_tag","embeddable":true,"href":"https:\/\/garcesbottier.com\/en\/wp-json\/wp\/v2\/product_tag?post=23349"}],"curies":[{"name":"wp","href":"https:\/\/api.w.org\/{rel}","templated":true}]}}