{"id":23697,"date":"2024-07-22T06:56:10","date_gmt":"2024-07-22T11:56:10","guid":{"rendered":"https:\/\/garcesbottier.com\/?post_type=product&#038;p=23697"},"modified":"2025-03-18T15:06:06","modified_gmt":"2025-03-18T20:06:06","slug":"twin-camel","status":"publish","type":"product","link":"https:\/\/garcesbottier.com\/en\/tienda\/accesorios\/aretes\/twin-camel\/","title":{"rendered":"Twin Camel"},"content":{"rendered":"<p>Aretes en cuero , tipo topo, livianos<\/p>\n<ul>\n<li>Alto 5,5 cm<\/li>\n<li>Ancho 5,5 cm<\/li>\n<li>El pin del arete es hipoalerg\u00e9nico elaborado en acero inoxidable<\/li>\n<li>Peso 6,5 gramos<\/li>\n<li>Orders will be shipped within the next ten (10) business days from the day of purchase<\/li>\n<li>Changes and Returns will be received within a period not exceeding thirty (30) calendar days; items must not present evidence of us<\/li>\n<\/ul>","protected":false},"excerpt":{"rendered":"<p>Aretes en cuero , tipo topo, livianos Alto 5,5 cm Ancho 5,5 cm El pin del arete es hipoalerg\u00e9nico elaborado en acero inoxidable Peso 6,5 gramos Los pedidos ser\u00e1n enviados dentro de los pr\u00f3ximos cinco (5) d\u00edas h\u00e1biles a partir del d\u00eda de la compra. Los Cambios y Devoluciones se recibir\u00e1n en un plazo no [&hellip;]<\/p>\n","protected":false},"featured_media":23700,"comment_status":"open","ping_status":"closed","template":"","meta":[],"product_brand":[],"product_cat":[48,146,150],"product_tag":[51,25,53,52,28,30,21,22],"class_list":{"0":"post-23697","1":"product","2":"type-product","3":"status-publish","4":"has-post-thumbnail","6":"product_cat-accesorios","7":"product_cat-aretes","8":"product_cat-todos","9":"product_tag-accesoriosencuero","10":"product_tag-amor","11":"product_tag-aretes","12":"product_tag-aretesencuero","13":"product_tag-colombia","14":"product_tag-cuero","15":"product_tag-mujer","16":"product_tag-mujeres","18":"first","19":"instock","20":"shipping-taxable","21":"purchasable","22":"product-type-simple"},"_links":{"self":[{"href":"https:\/\/garcesbottier.com\/en\/wp-json\/wp\/v2\/product\/23697","targetHints":{"allow":["GET"]}}],"collection":[{"href":"https:\/\/garcesbottier.com\/en\/wp-json\/wp\/v2\/product"}],"about":[{"href":"https:\/\/garcesbottier.com\/en\/wp-json\/wp\/v2\/types\/product"}],"replies":[{"embeddable":true,"href":"https:\/\/garcesbottier.com\/en\/wp-json\/wp\/v2\/comments?post=23697"}],"wp:featuredmedia":[{"embeddable":true,"href":"https:\/\/garcesbottier.com\/en\/wp-json\/wp\/v2\/media\/23700"}],"wp:attachment":[{"href":"https:\/\/garcesbottier.com\/en\/wp-json\/wp\/v2\/media?parent=23697"}],"wp:term":[{"taxonomy":"product_brand","embeddable":true,"href":"https:\/\/garcesbottier.com\/en\/wp-json\/wp\/v2\/product_brand?post=23697"},{"taxonomy":"product_cat","embeddable":true,"href":"https:\/\/garcesbottier.com\/en\/wp-json\/wp\/v2\/product_cat?post=23697"},{"taxonomy":"product_tag","embeddable":true,"href":"https:\/\/garcesbottier.com\/en\/wp-json\/wp\/v2\/product_tag?post=23697"}],"curies":[{"name":"wp","href":"https:\/\/api.w.org\/{rel}","templated":true}]}}