{"id":24218,"date":"2025-04-09T21:32:02","date_gmt":"2025-04-10T02:32:02","guid":{"rendered":"https:\/\/garcesbottier.com\/?post_type=product&#038;p=24218"},"modified":"2026-02-02T12:21:49","modified_gmt":"2026-02-02T17:21:49","slug":"ficus-pop-plateada","status":"publish","type":"product","link":"https:\/\/garcesbottier.com\/en\/tienda\/musthave\/ficus-pop-plateada\/","title":{"rendered":"Ficus Pop Plateada"},"content":{"rendered":"<p>Las sandalias Ficus Pop son una expresi\u00f3n de dise\u00f1o cuidado y sofisticaci\u00f3n. Sus tiras est\u00e1n cosidas de forma interna para lograr una silueta limpia y elegante, elaboradas en cuero suave que se adapta delicadamente a tus pies. El tac\u00f3n torneado en madera, con un acabado natural y org\u00e1nico, aporta altura\u00a0 y estilo. Una propuesta c\u00f3moda, vers\u00e1til y con car\u00e1cter artesanal.<\/p>\n<p><strong>Details:<\/strong><\/p>\n<ul>\n<li>Sandalia de tiras en cuero suave<\/li>\n<li>Tiras cosidas internamente para un acabado limpio<\/li>\n<li>Tac\u00f3n torneado en madera con dise\u00f1o \u00fanico altura 7,5 cm<\/li>\n<li>Plantilla acolchada para m\u00e1ximo confort<\/li>\n<li>Hechas a mano con acabados artesanales<\/li>\n<\/ul>\n<p class=\"\" data-start=\"808\" data-end=\"829\"><strong data-start=\"808\" data-end=\"829\">Made in Colombia<\/strong><\/p>\n<p class=\"\" data-start=\"831\" data-end=\"1077\">Orders will be shipped within the next ten (10) business days from the day of purchase<br data-start=\"931\" data-end=\"934\" \/>Los cambios y devoluciones se recibir\u00e1n en un plazo no mayor a treinta (30) d\u00edas calendario; los art\u00edculos no deben presentar evidencia de uso.<\/p>","protected":false},"excerpt":{"rendered":"<p>Las sandalias Ficus Pop son una expresi\u00f3n de dise\u00f1o cuidado y sofisticaci\u00f3n. Sus tiras est\u00e1n cosidas de forma interna para lograr una silueta limpia y elegante, elaboradas en cuero suave que se adapta delicadamente a tus pies. El tac\u00f3n torneado en madera, con un acabado natural y org\u00e1nico, aporta altura\u00a0 y estilo. Una propuesta c\u00f3moda, [&hellip;]<\/p>\n","protected":false},"featured_media":24226,"comment_status":"open","ping_status":"closed","template":"","meta":[],"product_brand":[],"product_cat":[329,297,34,326],"product_tag":[29,27,28,26,30,21,50,20,55],"class_list":{"0":"post-24218","1":"product","2":"type-product","3":"status-publish","4":"has-post-thumbnail","6":"product_cat-musthave","7":"product_cat-popsicle","8":"product_cat-tacon_alto","9":"product_cat-tacones","10":"product_tag-artesanal","11":"product_tag-bucaramanga","12":"product_tag-colombia","13":"product_tag-colombiano","14":"product_tag-cuero","15":"product_tag-mujer","16":"product_tag-sandaliaencuero","17":"product_tag-sandalias","18":"product_tag-woman","20":"first","21":"instock","22":"shipping-taxable","23":"purchasable","24":"product-type-variable","25":"rtwpvs-product"},"_links":{"self":[{"href":"https:\/\/garcesbottier.com\/en\/wp-json\/wp\/v2\/product\/24218","targetHints":{"allow":["GET"]}}],"collection":[{"href":"https:\/\/garcesbottier.com\/en\/wp-json\/wp\/v2\/product"}],"about":[{"href":"https:\/\/garcesbottier.com\/en\/wp-json\/wp\/v2\/types\/product"}],"replies":[{"embeddable":true,"href":"https:\/\/garcesbottier.com\/en\/wp-json\/wp\/v2\/comments?post=24218"}],"wp:featuredmedia":[{"embeddable":true,"href":"https:\/\/garcesbottier.com\/en\/wp-json\/wp\/v2\/media\/24226"}],"wp:attachment":[{"href":"https:\/\/garcesbottier.com\/en\/wp-json\/wp\/v2\/media?parent=24218"}],"wp:term":[{"taxonomy":"product_brand","embeddable":true,"href":"https:\/\/garcesbottier.com\/en\/wp-json\/wp\/v2\/product_brand?post=24218"},{"taxonomy":"product_cat","embeddable":true,"href":"https:\/\/garcesbottier.com\/en\/wp-json\/wp\/v2\/product_cat?post=24218"},{"taxonomy":"product_tag","embeddable":true,"href":"https:\/\/garcesbottier.com\/en\/wp-json\/wp\/v2\/product_tag?post=24218"}],"curies":[{"name":"wp","href":"https:\/\/api.w.org\/{rel}","templated":true}]}}