{"id":24334,"date":"2025-06-06T10:44:25","date_gmt":"2025-06-06T15:44:25","guid":{"rendered":"https:\/\/garcesbottier.com\/?post_type=product&#038;p=24334"},"modified":"2026-02-02T10:30:46","modified_gmt":"2026-02-02T15:30:46","slug":"palma-ladrillo","status":"publish","type":"product","link":"https:\/\/garcesbottier.com\/en\/tienda\/musthave\/palma-ladrillo\/","title":{"rendered":"Palma Ladrillo"},"content":{"rendered":"<p>Las sandalias Palma capturan el esp\u00edritu relajado y sofisticado de los destinos tropicales. Con tiras de cuero que se entrelazan en delicados nudos y un tac\u00f3n escult\u00f3rico de esferas en madera natural, son el equilibrio perfecto entre artesan\u00eda y dise\u00f1o\u00a0contempor\u00e1neo.<\/p>\n<p><strong>Details:<\/strong><\/p>\n<ul>\n<li>Sandalia de tiras en cuero suave<\/li>\n<li>Correa y hebilla para sujetar en el tobillo<\/li>\n<li>Tac\u00f3n torneado en madera con dise\u00f1o \u00fanico altura 7,5 cm<\/li>\n<li>Plantilla acolchada para m\u00e1ximo confort<\/li>\n<li>Hechas a mano con acabados artesanales<\/li>\n<\/ul>\n<p class=\"\" data-start=\"808\" data-end=\"829\"><strong data-start=\"808\" data-end=\"829\">Made in Colombia<\/strong><\/p>\n<p class=\"\" data-start=\"831\" data-end=\"1077\">Orders will be shipped within the next ten (10) business days from the day of purchase<br data-start=\"931\" data-end=\"934\" \/>Los cambios y devoluciones se recibir\u00e1n en un plazo no mayor a treinta (30) d\u00edas calendario; los art\u00edculos no deben presentar evidencia de uso.<\/p>","protected":false},"excerpt":{"rendered":"<p>Las sandalias Palma capturan el esp\u00edritu relajado y sofisticado de los destinos tropicales. Con tiras de cuero que se entrelazan en delicados nudos y un tac\u00f3n escult\u00f3rico de esferas en madera natural, son el equilibrio perfecto entre artesan\u00eda y dise\u00f1o\u00a0contempor\u00e1neo. Detalles: Sandalia de tiras en cuero suave Correa y hebilla para sujetar en el tobillo [&hellip;]<\/p>\n","protected":false},"featured_media":24314,"comment_status":"open","ping_status":"closed","template":"","meta":[],"product_brand":[],"product_cat":[329,34,326],"product_tag":[29,27,28,26,30,21,50,20,55],"class_list":{"0":"post-24334","1":"product","2":"type-product","3":"status-publish","4":"has-post-thumbnail","6":"product_cat-musthave","7":"product_cat-tacon_alto","8":"product_cat-tacones","9":"product_tag-artesanal","10":"product_tag-bucaramanga","11":"product_tag-colombia","12":"product_tag-colombiano","13":"product_tag-cuero","14":"product_tag-mujer","15":"product_tag-sandaliaencuero","16":"product_tag-sandalias","17":"product_tag-woman","19":"first","20":"instock","21":"shipping-taxable","22":"purchasable","23":"product-type-variable","24":"rtwpvs-product"},"_links":{"self":[{"href":"https:\/\/garcesbottier.com\/en\/wp-json\/wp\/v2\/product\/24334","targetHints":{"allow":["GET"]}}],"collection":[{"href":"https:\/\/garcesbottier.com\/en\/wp-json\/wp\/v2\/product"}],"about":[{"href":"https:\/\/garcesbottier.com\/en\/wp-json\/wp\/v2\/types\/product"}],"replies":[{"embeddable":true,"href":"https:\/\/garcesbottier.com\/en\/wp-json\/wp\/v2\/comments?post=24334"}],"wp:featuredmedia":[{"embeddable":true,"href":"https:\/\/garcesbottier.com\/en\/wp-json\/wp\/v2\/media\/24314"}],"wp:attachment":[{"href":"https:\/\/garcesbottier.com\/en\/wp-json\/wp\/v2\/media?parent=24334"}],"wp:term":[{"taxonomy":"product_brand","embeddable":true,"href":"https:\/\/garcesbottier.com\/en\/wp-json\/wp\/v2\/product_brand?post=24334"},{"taxonomy":"product_cat","embeddable":true,"href":"https:\/\/garcesbottier.com\/en\/wp-json\/wp\/v2\/product_cat?post=24334"},{"taxonomy":"product_tag","embeddable":true,"href":"https:\/\/garcesbottier.com\/en\/wp-json\/wp\/v2\/product_tag?post=24334"}],"curies":[{"name":"wp","href":"https:\/\/api.w.org\/{rel}","templated":true}]}}