{"id":24346,"date":"2025-06-06T11:44:15","date_gmt":"2025-06-06T16:44:15","guid":{"rendered":"https:\/\/garcesbottier.com\/?post_type=product&#038;p=24346"},"modified":"2026-02-02T11:20:14","modified_gmt":"2026-02-02T16:20:14","slug":"plat-cancun-hueso","status":"publish","type":"product","link":"https:\/\/garcesbottier.com\/en\/tienda\/planos\/plat-cancun-hueso\/","title":{"rendered":"Plat Canc\u00fan Hueso"},"content":{"rendered":"<p>Las plataformas Canc\u00fan est\u00e1n pensadas para elevarte con frescura y estilo en un d\u00eda veraniego. Con una base de 5 cm forrada en textil a cuadros blanco y negro que resalta su dise\u00f1o, y una capellada en cuero s\u00faper suave, combinan altura, comodidad y un aire relajado ideal para disfrutar el esp\u00edritu libre\u00a0de\u00a0Paradise.<\/p>\n<p><strong>Details:<\/strong><\/p>\n<ul>\n<li>Sandalia de plataforma 5 cm<\/li>\n<li>Cuero extra suave<\/li>\n<li>Plantilla acolchada<\/li>\n<li>Suela antideslizante para mayor seguridad y confort<\/li>\n<li>Hechas a mano con acabados artesanales<\/li>\n<\/ul>\n<p class=\"\" data-start=\"802\" data-end=\"823\"><strong data-start=\"802\" data-end=\"823\">Made in Colombia<\/strong><\/p>\n<p class=\"\" data-start=\"825\" data-end=\"1071\">Orders will be shipped within the next ten (10) business days from the day of purchase<br data-start=\"925\" data-end=\"928\" \/>Los cambios y devoluciones se recibir\u00e1n en un plazo no mayor a treinta (30) d\u00edas calendario; los art\u00edculos no deben presentar evidencia de uso.<\/p>","protected":false},"excerpt":{"rendered":"<p>Las plataformas Canc\u00fan est\u00e1n pensadas para elevarte con frescura y estilo en un d\u00eda veraniego. Con una base de 5 cm forrada en textil a cuadros blanco y negro que resalta su dise\u00f1o, y una capellada en cuero s\u00faper suave, combinan altura, comodidad y un aire relajado ideal para disfrutar el esp\u00edritu libre\u00a0de\u00a0Paradise. Detalles: Sandalia [&hellip;]<\/p>\n","protected":false},"featured_media":24319,"comment_status":"open","ping_status":"closed","template":"","meta":[],"product_brand":[],"product_cat":[18,160,325],"product_tag":[29,27,28,26,30,21,50,20,55],"class_list":{"0":"post-24346","1":"product","2":"type-product","3":"status-publish","4":"has-post-thumbnail","6":"product_cat-planos","7":"product_cat-platforms","8":"product_cat-sandalias","9":"product_tag-artesanal","10":"product_tag-bucaramanga","11":"product_tag-colombia","12":"product_tag-colombiano","13":"product_tag-cuero","14":"product_tag-mujer","15":"product_tag-sandaliaencuero","16":"product_tag-sandalias","17":"product_tag-woman","19":"first","20":"instock","21":"shipping-taxable","22":"purchasable","23":"product-type-variable","24":"rtwpvs-product"},"_links":{"self":[{"href":"https:\/\/garcesbottier.com\/en\/wp-json\/wp\/v2\/product\/24346","targetHints":{"allow":["GET"]}}],"collection":[{"href":"https:\/\/garcesbottier.com\/en\/wp-json\/wp\/v2\/product"}],"about":[{"href":"https:\/\/garcesbottier.com\/en\/wp-json\/wp\/v2\/types\/product"}],"replies":[{"embeddable":true,"href":"https:\/\/garcesbottier.com\/en\/wp-json\/wp\/v2\/comments?post=24346"}],"wp:featuredmedia":[{"embeddable":true,"href":"https:\/\/garcesbottier.com\/en\/wp-json\/wp\/v2\/media\/24319"}],"wp:attachment":[{"href":"https:\/\/garcesbottier.com\/en\/wp-json\/wp\/v2\/media?parent=24346"}],"wp:term":[{"taxonomy":"product_brand","embeddable":true,"href":"https:\/\/garcesbottier.com\/en\/wp-json\/wp\/v2\/product_brand?post=24346"},{"taxonomy":"product_cat","embeddable":true,"href":"https:\/\/garcesbottier.com\/en\/wp-json\/wp\/v2\/product_cat?post=24346"},{"taxonomy":"product_tag","embeddable":true,"href":"https:\/\/garcesbottier.com\/en\/wp-json\/wp\/v2\/product_tag?post=24346"}],"curies":[{"name":"wp","href":"https:\/\/api.w.org\/{rel}","templated":true}]}}