{"id":24407,"date":"2025-06-06T12:51:54","date_gmt":"2025-06-06T17:51:54","guid":{"rendered":"https:\/\/garcesbottier.com\/?post_type=product&#038;p=24407"},"modified":"2026-02-09T12:12:18","modified_gmt":"2026-02-09T17:12:18","slug":"palma-flat-hueso","status":"publish","type":"product","link":"https:\/\/garcesbottier.com\/en\/tienda\/planos\/palma-flat-hueso\/","title":{"rendered":"Palma Flat Hueso"},"content":{"rendered":"<p>Las sandalias Palma capturan el esp\u00edritu relajado y sofisticado de los destinos tropicales. Con tiras de cuero que se entrelazan en delicados nudos, son el equilibrio perfecto entre artesan\u00eda y dise\u00f1o contempor\u00e1neo.<\/p>\n<p><strong>Details:<\/strong><\/p>\n<ul>\n<li>Sandalia plana de en tiras<\/li>\n<li>Elaboradas en cuero genuino<\/li>\n<li>Forro 100% en cuero natural<\/li>\n<li>Plantilla acolchada para mayor confort<\/li>\n<li>0.3\u00b4\u00b4 heel<\/li>\n<li>Suelas con acabado antideslizante<\/li>\n<\/ul>\n<p class=\"\" data-start=\"749\" data-end=\"770\"><strong data-start=\"749\" data-end=\"770\">Made in Colombia<\/strong><\/p>\n<p class=\"\" data-start=\"772\" data-end=\"1018\">Orders will be shipped within the next ten (10) business days from the day of purchase<br data-start=\"872\" data-end=\"875\" \/>Los cambios y devoluciones se recibir\u00e1n en un plazo no mayor a treinta (30) d\u00edas calendario; los art\u00edculos no deben presentar evidencia de uso.<\/p>","protected":false},"excerpt":{"rendered":"<p>Las sandalias Palma capturan el esp\u00edritu relajado y sofisticado de los destinos tropicales. Con tiras de cuero que se entrelazan en delicados nudos, son el equilibrio perfecto entre artesan\u00eda y dise\u00f1o contempor\u00e1neo. Detalles: Sandalia plana de en tiras Elaboradas en cuero genuino Forro 100% en cuero natural Plantilla acolchada para mayor confort Tacones de 0.8 [&hellip;]<\/p>\n","protected":false},"featured_media":24388,"comment_status":"open","ping_status":"closed","template":"","meta":[],"product_brand":[],"product_cat":[18,325],"product_tag":[29,27,28,26,30,21,50,20,55],"class_list":{"0":"post-24407","1":"product","2":"type-product","3":"status-publish","4":"has-post-thumbnail","6":"product_cat-planos","7":"product_cat-sandalias","8":"product_tag-artesanal","9":"product_tag-bucaramanga","10":"product_tag-colombia","11":"product_tag-colombiano","12":"product_tag-cuero","13":"product_tag-mujer","14":"product_tag-sandaliaencuero","15":"product_tag-sandalias","16":"product_tag-woman","18":"first","19":"instock","20":"shipping-taxable","21":"purchasable","22":"product-type-variable","23":"rtwpvs-product"},"_links":{"self":[{"href":"https:\/\/garcesbottier.com\/en\/wp-json\/wp\/v2\/product\/24407","targetHints":{"allow":["GET"]}}],"collection":[{"href":"https:\/\/garcesbottier.com\/en\/wp-json\/wp\/v2\/product"}],"about":[{"href":"https:\/\/garcesbottier.com\/en\/wp-json\/wp\/v2\/types\/product"}],"replies":[{"embeddable":true,"href":"https:\/\/garcesbottier.com\/en\/wp-json\/wp\/v2\/comments?post=24407"}],"wp:featuredmedia":[{"embeddable":true,"href":"https:\/\/garcesbottier.com\/en\/wp-json\/wp\/v2\/media\/24388"}],"wp:attachment":[{"href":"https:\/\/garcesbottier.com\/en\/wp-json\/wp\/v2\/media?parent=24407"}],"wp:term":[{"taxonomy":"product_brand","embeddable":true,"href":"https:\/\/garcesbottier.com\/en\/wp-json\/wp\/v2\/product_brand?post=24407"},{"taxonomy":"product_cat","embeddable":true,"href":"https:\/\/garcesbottier.com\/en\/wp-json\/wp\/v2\/product_cat?post=24407"},{"taxonomy":"product_tag","embeddable":true,"href":"https:\/\/garcesbottier.com\/en\/wp-json\/wp\/v2\/product_tag?post=24407"}],"curies":[{"name":"wp","href":"https:\/\/api.w.org\/{rel}","templated":true}]}}