{"id":24413,"date":"2025-06-06T17:03:42","date_gmt":"2025-06-06T22:03:42","guid":{"rendered":"https:\/\/garcesbottier.com\/?post_type=product&#038;p=24413"},"modified":"2026-02-02T11:16:30","modified_gmt":"2026-02-02T16:16:30","slug":"porto-hueso","status":"publish","type":"product","link":"https:\/\/garcesbottier.com\/en\/tienda\/planos\/porto-hueso\/","title":{"rendered":"Porto Hueso"},"content":{"rendered":"<p>Las sandalias Porto hace parte de nuestra colecci\u00f3n Paradise con aire veraniego. Su dise\u00f1o de tiras ajustables al tobillo con hebillas combina estilo y funcionalidad. Llevan nuestra suela Fluffy de 2,5\u202fcm, acolchada, suave y ligera, pensada para acompa\u00f1arte con total comodidad desde el primer paso.<\/p>\n<p><strong>Details:<\/strong><\/p>\n<ul>\n<li>Sandalia plana de dise\u00f1o minimalista<\/li>\n<li>L\u00ednea Fluffy: extra confort<\/li>\n<li>Elaboradas en cuero genuino<\/li>\n<li class=\"\" data-start=\"704\" data-end=\"737\">Plantilla acolchada de 2,5 cm<\/li>\n<li>Natural leather lining<\/li>\n<li>Suela antideslizante<\/li>\n<li>Hechas a mano con acabados artesanales<\/li>\n<\/ul>\n<p class=\"\" data-start=\"834\" data-end=\"855\"><strong data-start=\"834\" data-end=\"855\">Made in Colombia<\/strong><\/p>\n<p class=\"\" data-start=\"857\" data-end=\"1103\">Orders will be shipped within the next ten (10) business days from the day of purchase<br data-start=\"957\" data-end=\"960\" \/>Los cambios y devoluciones se recibir\u00e1n en un plazo no mayor a treinta (30) d\u00edas calendario; los art\u00edculos no deben presentar evidencia de uso.<\/p>","protected":false},"excerpt":{"rendered":"<p>Las sandalias Porto hace parte de nuestra colecci\u00f3n Paradise con aire veraniego. Su dise\u00f1o de tiras ajustables al tobillo con hebillas combina estilo y funcionalidad. Llevan nuestra suela Fluffy de 2,5\u202fcm, acolchada, suave y ligera, pensada para acompa\u00f1arte con total comodidad desde el primer paso. Detalles: Sandalia plana de dise\u00f1o minimalista L\u00ednea Fluffy: extra confort [&hellip;]<\/p>\n","protected":false},"featured_media":24430,"comment_status":"open","ping_status":"closed","template":"","meta":[],"product_brand":[],"product_cat":[18,325],"product_tag":[29,27,28,26,30,21,50,20,55],"class_list":{"0":"post-24413","1":"product","2":"type-product","3":"status-publish","4":"has-post-thumbnail","6":"product_cat-planos","7":"product_cat-sandalias","8":"product_tag-artesanal","9":"product_tag-bucaramanga","10":"product_tag-colombia","11":"product_tag-colombiano","12":"product_tag-cuero","13":"product_tag-mujer","14":"product_tag-sandaliaencuero","15":"product_tag-sandalias","16":"product_tag-woman","18":"first","19":"instock","20":"shipping-taxable","21":"purchasable","22":"product-type-variable","23":"rtwpvs-product"},"_links":{"self":[{"href":"https:\/\/garcesbottier.com\/en\/wp-json\/wp\/v2\/product\/24413","targetHints":{"allow":["GET"]}}],"collection":[{"href":"https:\/\/garcesbottier.com\/en\/wp-json\/wp\/v2\/product"}],"about":[{"href":"https:\/\/garcesbottier.com\/en\/wp-json\/wp\/v2\/types\/product"}],"replies":[{"embeddable":true,"href":"https:\/\/garcesbottier.com\/en\/wp-json\/wp\/v2\/comments?post=24413"}],"wp:featuredmedia":[{"embeddable":true,"href":"https:\/\/garcesbottier.com\/en\/wp-json\/wp\/v2\/media\/24430"}],"wp:attachment":[{"href":"https:\/\/garcesbottier.com\/en\/wp-json\/wp\/v2\/media?parent=24413"}],"wp:term":[{"taxonomy":"product_brand","embeddable":true,"href":"https:\/\/garcesbottier.com\/en\/wp-json\/wp\/v2\/product_brand?post=24413"},{"taxonomy":"product_cat","embeddable":true,"href":"https:\/\/garcesbottier.com\/en\/wp-json\/wp\/v2\/product_cat?post=24413"},{"taxonomy":"product_tag","embeddable":true,"href":"https:\/\/garcesbottier.com\/en\/wp-json\/wp\/v2\/product_tag?post=24413"}],"curies":[{"name":"wp","href":"https:\/\/api.w.org\/{rel}","templated":true}]}}