{"id":24451,"date":"2025-06-06T17:40:29","date_gmt":"2025-06-06T22:40:29","guid":{"rendered":"https:\/\/garcesbottier.com\/?post_type=product&#038;p=24451"},"modified":"2026-02-02T12:25:49","modified_gmt":"2026-02-02T17:25:49","slug":"bahamas-negro","status":"publish","type":"product","link":"https:\/\/garcesbottier.com\/en\/tienda\/tacon_alto\/bahamas-negro\/","title":{"rendered":"Bahamas Negro"},"content":{"rendered":"<p>Bahamas es una sandalia de tiras cruzadas que refleja la frescura y ligereza de la colecci\u00f3n Paradise. Su tac\u00f3n en ondas de madera natural le da un toque artesanal y distintivo, mientras que su dise\u00f1o est\u00e1 pensado para d\u00edas de sol con\u00a0mucho\u00a0estilo.<\/p>\n<p><strong>Details:<\/strong><\/p>\n<ul>\n<li>Tac\u00f3n escultural en madera de 6,5 cm con forma de ondas<\/li>\n<li>Elaborado en cuero genuino<\/li>\n<li>Natural leather lining<\/li>\n<li>Sole with non-slip finish<\/li>\n<li>Plantilla acolchada<\/li>\n<\/ul>\n<p class=\"\" data-start=\"782\" data-end=\"803\"><strong data-start=\"782\" data-end=\"803\">Made in Colombia<\/strong><\/p>\n<p class=\"\" data-start=\"805\" data-end=\"1051\">Orders will be shipped within the next ten (10) business days from the day of purchase<br data-start=\"905\" data-end=\"908\" \/>Los cambios y devoluciones se recibir\u00e1n en un plazo no mayor a treinta (30) d\u00edas calendario; los art\u00edculos no deben presentar evidencia de uso.<\/p>","protected":false},"excerpt":{"rendered":"<p>Bahamas es una sandalia de tiras cruzadas que refleja la frescura y ligereza de la colecci\u00f3n Paradise. Su tac\u00f3n en ondas de madera natural le da un toque artesanal y distintivo, mientras que su dise\u00f1o est\u00e1 pensado para d\u00edas de sol con\u00a0mucho\u00a0estilo. Detalles: Tac\u00f3n escultural en madera de 6,5 cm con forma de ondas Elaborado [&hellip;]<\/p>\n","protected":false},"featured_media":24425,"comment_status":"open","ping_status":"closed","template":"","meta":[],"product_brand":[],"product_cat":[34,326],"product_tag":[29,27,28,26,30,21,50,20,55],"class_list":{"0":"post-24451","1":"product","2":"type-product","3":"status-publish","4":"has-post-thumbnail","6":"product_cat-tacon_alto","7":"product_cat-tacones","8":"product_tag-artesanal","9":"product_tag-bucaramanga","10":"product_tag-colombia","11":"product_tag-colombiano","12":"product_tag-cuero","13":"product_tag-mujer","14":"product_tag-sandaliaencuero","15":"product_tag-sandalias","16":"product_tag-woman","18":"first","19":"instock","20":"shipping-taxable","21":"purchasable","22":"product-type-variable","23":"rtwpvs-product"},"_links":{"self":[{"href":"https:\/\/garcesbottier.com\/en\/wp-json\/wp\/v2\/product\/24451","targetHints":{"allow":["GET"]}}],"collection":[{"href":"https:\/\/garcesbottier.com\/en\/wp-json\/wp\/v2\/product"}],"about":[{"href":"https:\/\/garcesbottier.com\/en\/wp-json\/wp\/v2\/types\/product"}],"replies":[{"embeddable":true,"href":"https:\/\/garcesbottier.com\/en\/wp-json\/wp\/v2\/comments?post=24451"}],"wp:featuredmedia":[{"embeddable":true,"href":"https:\/\/garcesbottier.com\/en\/wp-json\/wp\/v2\/media\/24425"}],"wp:attachment":[{"href":"https:\/\/garcesbottier.com\/en\/wp-json\/wp\/v2\/media?parent=24451"}],"wp:term":[{"taxonomy":"product_brand","embeddable":true,"href":"https:\/\/garcesbottier.com\/en\/wp-json\/wp\/v2\/product_brand?post=24451"},{"taxonomy":"product_cat","embeddable":true,"href":"https:\/\/garcesbottier.com\/en\/wp-json\/wp\/v2\/product_cat?post=24451"},{"taxonomy":"product_tag","embeddable":true,"href":"https:\/\/garcesbottier.com\/en\/wp-json\/wp\/v2\/product_tag?post=24451"}],"curies":[{"name":"wp","href":"https:\/\/api.w.org\/{rel}","templated":true}]}}