{"id":24595,"date":"2025-09-20T09:15:22","date_gmt":"2025-09-20T14:15:22","guid":{"rendered":"https:\/\/garcesbottier.com\/?post_type=product&#038;p=24595"},"modified":"2025-10-09T02:07:09","modified_gmt":"2025-10-09T07:07:09","slug":"liza-polite-hueso-preorden","status":"publish","type":"product","link":"https:\/\/garcesbottier.com\/en\/tienda\/collab-polite\/liza-polite-hueso-preorden\/","title":{"rendered":"Liza Polite Hueso Preorden"},"content":{"rendered":"<p data-start=\"120\" data-end=\"311\">El <strong data-start=\"123\" data-end=\"144\">Bot\u00edn Liza Polite<\/strong> nace de una colaboraci\u00f3n \u00fanica entre <strong data-start=\"182\" data-end=\"200\">Garces Bottier<\/strong>, <strong data-start=\"202\" data-end=\"212\">Polite<\/strong> y <strong data-start=\"215\" data-end=\"229\">Sara&amp;Flora<\/strong>, tres universos creativos que se entrelazan en una pieza de dise\u00f1o irrepetible.<\/p>\n<p data-start=\"313\" data-end=\"740\">Inspirado en el D<strong data-start=\"329\" data-end=\"354\">esestructuracionismo<\/strong> de <strong data-start=\"358\" data-end=\"375\">Carlos Polite<\/strong>, este bot\u00edn reinterpreta las formas cl\u00e1sicas del calzado con una silueta audaz y un tac\u00f3n escult\u00f3rico que rompe los l\u00edmites de lo convencional. La visi\u00f3n de Polite, reconocida en el mundo de la moda por su est\u00e9tica experimental, se une al saber hacer artesanal de <strong data-start=\"640\" data-end=\"658\">Garces Bottier<\/strong> en marroquiner\u00eda de lujo, logrando una base impecable en cuero de alta calidad.<\/p>\n<p data-start=\"742\" data-end=\"1005\">A esta sinergia se suma la marca de joyer\u00eda <strong data-start=\"786\" data-end=\"800\">Sara&amp;Flora<\/strong>, que imprime un sello precioso y disruptivo al incorporar detalles met\u00e1licos en forma de ojos dorados, s\u00edmbolos cargados de fuerza y sofisticaci\u00f3n, transformando al bot\u00edn en un verdadero objeto de arte.<\/p>\n<p data-start=\"1007\" data-end=\"1220\">Cada par es el resultado de un <strong data-start=\"1038\" data-end=\"1087\">di\u00e1logo entre moda, joyer\u00eda y dise\u00f1o de autor<\/strong>, pensado para mujeres que buscan piezas exclusivas, con car\u00e1cter y con historia. El Bot\u00edn Liza Polite no solo se lleva, se exhibe.<\/p>\n<p><strong>Details:<\/strong><\/p>\n<ul>\n<li>Bot\u00edn de punta estilizada<\/li>\n<li>Tac\u00f3n escultural en madera de 6,5 cm con forma<\/li>\n<li>Elaborado en cuero genuino<\/li>\n<li>Natural leather lining<\/li>\n<li>Sole with non-slip finish<\/li>\n<li>Plantilla acolchada<\/li>\n<\/ul>\n<p class=\"\" data-start=\"782\" data-end=\"803\"><strong data-start=\"782\" data-end=\"803\">Made in Colombia<\/strong><\/p>\n<p class=\"\" data-start=\"805\" data-end=\"1051\">Los pedidos bajo pre orden se enviar\u00e1n dentro de los pr\u00f3ximos quince (15) d\u00edas h\u00e1biles a partir del d\u00eda de la compra.<br data-start=\"993\" data-end=\"996\" \/>Los cambios y devoluciones se recibir\u00e1n en un plazo no mayor a treinta (30) d\u00edas calendario; los art\u00edculos no deben presentar evidencia de uso<\/p>","protected":false},"excerpt":{"rendered":"<p>El Bot\u00edn Liza Polite nace de una colaboraci\u00f3n \u00fanica entre Garces Bottier, Polite y Sara&amp;Flora, tres universos creativos que se entrelazan en una pieza de dise\u00f1o irrepetible. Inspirado en el Desestructuracionismo de Carlos Polite, este bot\u00edn reinterpreta las formas cl\u00e1sicas del calzado con una silueta audaz y un tac\u00f3n escult\u00f3rico que rompe los l\u00edmites de [&hellip;]<\/p>\n","protected":false},"featured_media":24593,"comment_status":"open","ping_status":"closed","template":"","meta":[],"product_brand":[],"product_cat":[332,34,326],"product_tag":[29,27,28,26,30,21,50,20,55],"class_list":{"0":"post-24595","1":"product","2":"type-product","3":"status-publish","4":"has-post-thumbnail","6":"product_cat-collab-polite","7":"product_cat-tacon_alto","8":"product_cat-tacones","9":"product_tag-artesanal","10":"product_tag-bucaramanga","11":"product_tag-colombia","12":"product_tag-colombiano","13":"product_tag-cuero","14":"product_tag-mujer","15":"product_tag-sandaliaencuero","16":"product_tag-sandalias","17":"product_tag-woman","19":"first","20":"instock","21":"shipping-taxable","22":"purchasable","23":"product-type-variable","24":"rtwpvs-product"},"_links":{"self":[{"href":"https:\/\/garcesbottier.com\/en\/wp-json\/wp\/v2\/product\/24595","targetHints":{"allow":["GET"]}}],"collection":[{"href":"https:\/\/garcesbottier.com\/en\/wp-json\/wp\/v2\/product"}],"about":[{"href":"https:\/\/garcesbottier.com\/en\/wp-json\/wp\/v2\/types\/product"}],"replies":[{"embeddable":true,"href":"https:\/\/garcesbottier.com\/en\/wp-json\/wp\/v2\/comments?post=24595"}],"wp:featuredmedia":[{"embeddable":true,"href":"https:\/\/garcesbottier.com\/en\/wp-json\/wp\/v2\/media\/24593"}],"wp:attachment":[{"href":"https:\/\/garcesbottier.com\/en\/wp-json\/wp\/v2\/media?parent=24595"}],"wp:term":[{"taxonomy":"product_brand","embeddable":true,"href":"https:\/\/garcesbottier.com\/en\/wp-json\/wp\/v2\/product_brand?post=24595"},{"taxonomy":"product_cat","embeddable":true,"href":"https:\/\/garcesbottier.com\/en\/wp-json\/wp\/v2\/product_cat?post=24595"},{"taxonomy":"product_tag","embeddable":true,"href":"https:\/\/garcesbottier.com\/en\/wp-json\/wp\/v2\/product_tag?post=24595"}],"curies":[{"name":"wp","href":"https:\/\/api.w.org\/{rel}","templated":true}]}}