{"id":24608,"date":"2025-09-20T09:32:51","date_gmt":"2025-09-20T14:32:51","guid":{"rendered":"https:\/\/garcesbottier.com\/?post_type=product&#038;p=24608"},"modified":"2025-10-09T02:05:58","modified_gmt":"2025-10-09T07:05:58","slug":"paloma-polite-oliva-preorden","status":"publish","type":"product","link":"https:\/\/garcesbottier.com\/en\/tienda\/baletas\/paloma-polite-oliva-preorden\/","title":{"rendered":"Paloma Polite Oliva Preorden"},"content":{"rendered":"<p data-start=\"128\" data-end=\"328\">La <strong data-start=\"131\" data-end=\"155\">Baleta Paloma Polite<\/strong> es el resultado de una colaboraci\u00f3n excepcional entre <strong data-start=\"210\" data-end=\"228\">Garces Bottier<\/strong>, <strong data-start=\"230\" data-end=\"240\">Polite<\/strong> y <strong data-start=\"243\" data-end=\"257\">Sara&amp;Flora<\/strong>, tres marcas que fusionan moda, dise\u00f1o y joyer\u00eda en una pieza \u00fanica.<\/p>\n<p data-start=\"330\" data-end=\"692\">Inspirada en el <strong data-start=\"346\" data-end=\"388\">desestructuracionismo de Carlos Polite<\/strong>, esta baleta combina l\u00edneas fluidas y poco convencionales con la maestr\u00eda artesanal de <strong data-start=\"476\" data-end=\"494\">Garces Bottier<\/strong> en la elaboraci\u00f3n de calzado en cuero. Su dise\u00f1o se enriquece con un detalle joya de <strong data-start=\"580\" data-end=\"594\">Sara&amp;Flora<\/strong>, que aporta un toque escult\u00f3rico y sofisticado, convirti\u00e9ndola en un verdadero objeto de autor.<\/p>\n<p data-start=\"694\" data-end=\"1003\">El delicado amarre en el tobillo aporta feminidad y car\u00e1cter, mientras el tac\u00f3n escult\u00f3rico, sello de esta colaboraci\u00f3n, refuerza su esencia vanguardista. Cada par refleja una <strong data-start=\"870\" data-end=\"915\">sinergia creativa entre moda, arte y lujo<\/strong>, pensado para mujeres que buscan piezas exclusivas que trascienden la moda cotidiana.<\/p>\n<p data-start=\"1005\" data-end=\"1145\">La Baleta Paloma Polite no solo acompa\u00f1a tus pasos, tambi\u00e9n cuenta una historia de colaboraci\u00f3n, innovaci\u00f3n y dise\u00f1o con identidad propia.<\/p>\n<ul>\n<li>Elaboradas en cuero genuino<\/li>\n<li>Forro 100% en cuero natural<\/li>\n<li>Tac\u00f3n en madera de 2,5 cm<\/li>\n<li>Tejido en cuero<\/li>\n<li>Sole with non-slip finish<\/li>\n<li>Construcci\u00f3n interna sin costuras expuestas para mayor confort<\/li>\n<\/ul>\n<p class=\"\" data-start=\"870\" data-end=\"891\"><strong data-start=\"870\" data-end=\"891\">Made in Colombia<\/strong><\/p>\n<p class=\"\" data-start=\"893\" data-end=\"1139\">Los pedidos bajo pre orden se enviar\u00e1n dentro de los pr\u00f3ximos quince (15) d\u00edas h\u00e1biles a partir del d\u00eda de la compra.<br data-start=\"993\" data-end=\"996\" \/>Los cambios y devoluciones se recibir\u00e1n en un plazo no mayor a treinta (30) d\u00edas calendario; los art\u00edculos no deben presentar evidencia de uso<\/p>","protected":false},"excerpt":{"rendered":"<p>La Baleta Paloma Polite es el resultado de una colaboraci\u00f3n excepcional entre Garces Bottier, Polite y Sara&amp;Flora, tres marcas que fusionan moda, dise\u00f1o y joyer\u00eda en una pieza \u00fanica. Inspirada en el desestructuracionismo de Carlos Polite, esta baleta combina l\u00edneas fluidas y poco convencionales con la maestr\u00eda artesanal de Garces Bottier en la elaboraci\u00f3n de [&hellip;]<\/p>\n","protected":false},"featured_media":24583,"comment_status":"open","ping_status":"closed","template":"","meta":[],"product_brand":[],"product_cat":[33,332,287],"product_tag":[29,27,28,26,30,21,50,20,55],"class_list":{"0":"post-24608","1":"product","2":"type-product","3":"status-publish","4":"has-post-thumbnail","6":"product_cat-baletas","7":"product_cat-collab-polite","8":"product_cat-tacon-bajo","9":"product_tag-artesanal","10":"product_tag-bucaramanga","11":"product_tag-colombia","12":"product_tag-colombiano","13":"product_tag-cuero","14":"product_tag-mujer","15":"product_tag-sandaliaencuero","16":"product_tag-sandalias","17":"product_tag-woman","19":"first","20":"onbackorder","21":"shipping-taxable","22":"purchasable","23":"product-type-variable","24":"rtwpvs-product"},"_links":{"self":[{"href":"https:\/\/garcesbottier.com\/en\/wp-json\/wp\/v2\/product\/24608","targetHints":{"allow":["GET"]}}],"collection":[{"href":"https:\/\/garcesbottier.com\/en\/wp-json\/wp\/v2\/product"}],"about":[{"href":"https:\/\/garcesbottier.com\/en\/wp-json\/wp\/v2\/types\/product"}],"replies":[{"embeddable":true,"href":"https:\/\/garcesbottier.com\/en\/wp-json\/wp\/v2\/comments?post=24608"}],"wp:featuredmedia":[{"embeddable":true,"href":"https:\/\/garcesbottier.com\/en\/wp-json\/wp\/v2\/media\/24583"}],"wp:attachment":[{"href":"https:\/\/garcesbottier.com\/en\/wp-json\/wp\/v2\/media?parent=24608"}],"wp:term":[{"taxonomy":"product_brand","embeddable":true,"href":"https:\/\/garcesbottier.com\/en\/wp-json\/wp\/v2\/product_brand?post=24608"},{"taxonomy":"product_cat","embeddable":true,"href":"https:\/\/garcesbottier.com\/en\/wp-json\/wp\/v2\/product_cat?post=24608"},{"taxonomy":"product_tag","embeddable":true,"href":"https:\/\/garcesbottier.com\/en\/wp-json\/wp\/v2\/product_tag?post=24608"}],"curies":[{"name":"wp","href":"https:\/\/api.w.org\/{rel}","templated":true}]}}