{"id":24641,"date":"2025-09-20T11:04:44","date_gmt":"2025-09-20T16:04:44","guid":{"rendered":"https:\/\/garcesbottier.com\/?post_type=product&#038;p=24641"},"modified":"2025-10-09T02:03:47","modified_gmt":"2025-10-09T07:03:47","slug":"elena-polite-hueso-preorden","status":"publish","type":"product","link":"https:\/\/garcesbottier.com\/en\/tienda\/baletas\/elena-polite-hueso-preorden\/","title":{"rendered":"Elena Polite Hueso Preorden"},"content":{"rendered":"<p data-start=\"126\" data-end=\"327\">La <strong data-start=\"129\" data-end=\"155\">Bailarina Elena Polite<\/strong> es el resultado de una colaboraci\u00f3n visionaria entre <strong data-start=\"209\" data-end=\"227\">Garces Bottier<\/strong>, <strong data-start=\"229\" data-end=\"239\">Polite<\/strong> y <strong data-start=\"242\" data-end=\"256\">Sara&amp;Flora<\/strong>, donde convergen moda, joyer\u00eda y dise\u00f1o en una pieza \u00fanica de autor.<\/p>\n<p data-start=\"329\" data-end=\"655\">Inspirada en el <strong data-start=\"345\" data-end=\"387\">desestructuracionismo de Carlos Polite<\/strong>, esta bailarina rompe con lo tradicional al combinar una silueta cl\u00e1sica y c\u00f3moda con detalles inesperados: un el\u00e1stico plisado que aporta textura y modernidad, y un aplique joya en forma de ojo dorado dise\u00f1ado por <strong data-start=\"603\" data-end=\"617\">Sara&amp;Flora<\/strong>, s\u00edmbolo de fuerza y sofisticaci\u00f3n.<\/p>\n<p data-start=\"657\" data-end=\"954\">La excelencia artesanal de <strong data-start=\"684\" data-end=\"702\">Garces Bottier<\/strong> en la marroquiner\u00eda se refleja en el cuero suave que se adapta al pie, ofreciendo confort sin perder el car\u00e1cter vanguardista. El resultado es un calzado que trasciende lo funcional para convertirse en una <strong data-start=\"909\" data-end=\"951\">pieza art\u00edstica, exclusiva y atemporal<\/strong>.<\/p>\n<p data-start=\"956\" data-end=\"1181\">Cada par de la Bailarina Elena Polite es testimonio de la <strong data-start=\"1014\" data-end=\"1062\">sinergia creativa entre tres marcas de autor<\/strong>, pensado para mujeres que buscan piezas con identidad propia, que cuentan historias y que son tan \u00fanicas como ellas.<\/p>\n<p>Details:<\/p>\n<ul>\n<li>Ballerina in soft leather<\/li>\n<li>Natural leather lining<\/li>\n<li>Cushioned insole (4mm padding) lined in leather<\/li>\n<li>Elastic leather trim<\/li>\n<li>Sole with non-slip finish<\/li>\n<li>An internal stitching construction that won't hurt your feet<\/li>\n<\/ul>\n<p>Made in Colombia<\/p>\n<p>Los pedidos bajo pre orden se enviar\u00e1n dentro de los pr\u00f3ximos quince (15) d\u00edas h\u00e1biles a partir del d\u00eda de la compra.<br data-start=\"993\" data-end=\"996\" \/>Los cambios y devoluciones se recibir\u00e1n en un plazo no mayor a treinta (30) d\u00edas calendario; los art\u00edculos no deben presentar evidencia de uso<\/p>","protected":false},"excerpt":{"rendered":"<p>La Bailarina Elena Polite es el resultado de una colaboraci\u00f3n visionaria entre Garces Bottier, Polite y Sara&amp;Flora, donde convergen moda, joyer\u00eda y dise\u00f1o en una pieza \u00fanica de autor. Inspirada en el desestructuracionismo de Carlos Polite, esta bailarina rompe con lo tradicional al combinar una silueta cl\u00e1sica y c\u00f3moda con detalles inesperados: un el\u00e1stico plisado [&hellip;]<\/p>\n","protected":false},"featured_media":24648,"comment_status":"open","ping_status":"closed","template":"","meta":[],"product_brand":[],"product_cat":[33,332,18],"product_tag":[29,27,28,26,30,21,50,20,55],"class_list":{"0":"post-24641","1":"product","2":"type-product","3":"status-publish","4":"has-post-thumbnail","6":"product_cat-baletas","7":"product_cat-collab-polite","8":"product_cat-planos","9":"product_tag-artesanal","10":"product_tag-bucaramanga","11":"product_tag-colombia","12":"product_tag-colombiano","13":"product_tag-cuero","14":"product_tag-mujer","15":"product_tag-sandaliaencuero","16":"product_tag-sandalias","17":"product_tag-woman","19":"first","20":"onbackorder","21":"shipping-taxable","22":"purchasable","23":"product-type-variable","24":"rtwpvs-product"},"_links":{"self":[{"href":"https:\/\/garcesbottier.com\/en\/wp-json\/wp\/v2\/product\/24641","targetHints":{"allow":["GET"]}}],"collection":[{"href":"https:\/\/garcesbottier.com\/en\/wp-json\/wp\/v2\/product"}],"about":[{"href":"https:\/\/garcesbottier.com\/en\/wp-json\/wp\/v2\/types\/product"}],"replies":[{"embeddable":true,"href":"https:\/\/garcesbottier.com\/en\/wp-json\/wp\/v2\/comments?post=24641"}],"wp:featuredmedia":[{"embeddable":true,"href":"https:\/\/garcesbottier.com\/en\/wp-json\/wp\/v2\/media\/24648"}],"wp:attachment":[{"href":"https:\/\/garcesbottier.com\/en\/wp-json\/wp\/v2\/media?parent=24641"}],"wp:term":[{"taxonomy":"product_brand","embeddable":true,"href":"https:\/\/garcesbottier.com\/en\/wp-json\/wp\/v2\/product_brand?post=24641"},{"taxonomy":"product_cat","embeddable":true,"href":"https:\/\/garcesbottier.com\/en\/wp-json\/wp\/v2\/product_cat?post=24641"},{"taxonomy":"product_tag","embeddable":true,"href":"https:\/\/garcesbottier.com\/en\/wp-json\/wp\/v2\/product_tag?post=24641"}],"curies":[{"name":"wp","href":"https:\/\/api.w.org\/{rel}","templated":true}]}}