{"id":24942,"date":"2026-02-02T14:37:17","date_gmt":"2026-02-02T19:37:17","guid":{"rendered":"https:\/\/garcesbottier.com\/?post_type=product&#038;p=24942"},"modified":"2026-02-02T14:48:25","modified_gmt":"2026-02-02T19:48:25","slug":"margo-chocolate","status":"publish","type":"product","link":"https:\/\/garcesbottier.com\/en\/tienda\/botas\/margo-chocolate\/","title":{"rendered":"Margo Chocolate"},"content":{"rendered":"<p>La Bota Margo es sofisticaci\u00f3n contempor\u00e1nea. Su dise\u00f1o en combina dos texturas de cuero que crean un contraste elegante y \u00fanico. El tac\u00f3n torneado de figura redondeada aporta car\u00e1cter y originalidad, convirti\u00e9ndose en un detalle distintivo que realza cada paso. Una bota vers\u00e1til y poderosa, pensada para mujeres que buscan dise\u00f1o y autenticidad en cada detalle.<\/p>\n<p><strong>Details:<\/strong><\/p>\n<ul>\n<li>Bota en cuero con contraste de texturas<\/li>\n<li>Tac\u00f3n torneado de figura de madera de 5,5 cm<\/li>\n<li>Cuero genuino de alta calidad<\/li>\n<li>Forro 100% en cuero natural<\/li>\n<li>Sole with non-slip finish<\/li>\n<li>Hecha a mano con acabados artesanales<\/li>\n<\/ul>\n<p class=\"\" data-start=\"740\" data-end=\"761\"><strong data-start=\"740\" data-end=\"761\">Made in Colombia<\/strong><\/p>\n<p class=\"\" data-start=\"763\" data-end=\"1009\">Orders will be shipped within the next ten (10) business days from the day of purchase<br data-start=\"863\" data-end=\"866\" \/>Los cambios y devoluciones se recibir\u00e1n en un plazo no mayor a treinta (30) d\u00edas calendario; los art\u00edculos no deben presentar evidencia de uso.<\/p>","protected":false},"excerpt":{"rendered":"<p>La Bota Margo es sofisticaci\u00f3n contempor\u00e1nea. Su dise\u00f1o en combina dos texturas de cuero que crean un contraste elegante y \u00fanico. El tac\u00f3n torneado de figura redondeada aporta car\u00e1cter y originalidad, convirti\u00e9ndose en un detalle distintivo que realza cada paso. Una bota vers\u00e1til y poderosa, pensada para mujeres que buscan dise\u00f1o y autenticidad en cada [&hellip;]<\/p>\n","protected":false},"featured_media":24948,"comment_status":"open","ping_status":"closed","template":"","meta":[],"product_brand":[],"product_cat":[327,329],"product_tag":[29,27,28,26,30,21,50,20,55],"class_list":{"0":"post-24942","1":"product","2":"type-product","3":"status-publish","4":"has-post-thumbnail","6":"product_cat-botas","7":"product_cat-musthave","8":"product_tag-artesanal","9":"product_tag-bucaramanga","10":"product_tag-colombia","11":"product_tag-colombiano","12":"product_tag-cuero","13":"product_tag-mujer","14":"product_tag-sandaliaencuero","15":"product_tag-sandalias","16":"product_tag-woman","18":"first","19":"instock","20":"shipping-taxable","21":"purchasable","22":"product-type-variable","23":"rtwpvs-product"},"_links":{"self":[{"href":"https:\/\/garcesbottier.com\/en\/wp-json\/wp\/v2\/product\/24942","targetHints":{"allow":["GET"]}}],"collection":[{"href":"https:\/\/garcesbottier.com\/en\/wp-json\/wp\/v2\/product"}],"about":[{"href":"https:\/\/garcesbottier.com\/en\/wp-json\/wp\/v2\/types\/product"}],"replies":[{"embeddable":true,"href":"https:\/\/garcesbottier.com\/en\/wp-json\/wp\/v2\/comments?post=24942"}],"wp:featuredmedia":[{"embeddable":true,"href":"https:\/\/garcesbottier.com\/en\/wp-json\/wp\/v2\/media\/24948"}],"wp:attachment":[{"href":"https:\/\/garcesbottier.com\/en\/wp-json\/wp\/v2\/media?parent=24942"}],"wp:term":[{"taxonomy":"product_brand","embeddable":true,"href":"https:\/\/garcesbottier.com\/en\/wp-json\/wp\/v2\/product_brand?post=24942"},{"taxonomy":"product_cat","embeddable":true,"href":"https:\/\/garcesbottier.com\/en\/wp-json\/wp\/v2\/product_cat?post=24942"},{"taxonomy":"product_tag","embeddable":true,"href":"https:\/\/garcesbottier.com\/en\/wp-json\/wp\/v2\/product_tag?post=24942"}],"curies":[{"name":"wp","href":"https:\/\/api.w.org\/{rel}","templated":true}]}}