{"id":24972,"date":"2026-02-13T15:20:23","date_gmt":"2026-02-13T20:20:23","guid":{"rendered":"https:\/\/garcesbottier.com\/?post_type=product&#038;p=24972"},"modified":"2026-02-13T16:22:22","modified_gmt":"2026-02-13T21:22:22","slug":"cosmetiquera-funny-ojo","status":"publish","type":"product","link":"https:\/\/garcesbottier.com\/en\/tienda\/accesorios\/cosmetiquera-funny-ojo\/","title":{"rendered":"Cosmetiquera Funny Ojo"},"content":{"rendered":"<p>Divertido, pr\u00e1ctico y funcional. La Cosmetiquera Funny est\u00e1 elaborado en cuero de alta calidad y forrada en tela, ideal para proteger y organizar tus art\u00edculos de belleza esenciales. Su tama\u00f1o compacto lo hace perfecto para llevarlo en el bolso, manteniendo todo ordenado y f\u00e1cilmente accesible durante todo el d\u00eda. Un accesorio vers\u00e1til que combina dise\u00f1o, durabilidad y un toque de personalidad.<\/p>\n<p>Details:<\/p>\n<p>Alto: 12,5 cm; Largo: 19 cm; Profundidad: 6,5 cm<\/p>\n<p>Hecho en cuero genuino<\/p>\n<p>Cierre con cremallera<\/p>\n<p>Made in Colombia<\/p>\n<p>Los pedidos se enviar\u00e1n dentro de los diez (10) d\u00edas h\u00e1biles posteriores a la fecha de compra.<\/p>\n<p>Se aceptar\u00e1n cambios y devoluciones dentro de los treinta (30) d\u00edas calendario; los art\u00edculos no deben presentar signos de uso.<\/p>","protected":false},"excerpt":{"rendered":"<p>Divertido, pr\u00e1ctico y funcional. La Cosmetiquera Funny est\u00e1 elaborado en cuero de alta calidad y forrada en tela, ideal para proteger y organizar tus art\u00edculos de belleza esenciales. Su tama\u00f1o compacto lo hace perfecto para llevarlo en el bolso, manteniendo todo ordenado y f\u00e1cilmente accesible durante todo el d\u00eda. Un accesorio vers\u00e1til que combina dise\u00f1o, [&hellip;]<\/p>\n","protected":false},"featured_media":24979,"comment_status":"open","ping_status":"closed","template":"","meta":[],"product_brand":[],"product_cat":[48,150],"product_tag":[51,25,53,52,28,30,21,22],"class_list":{"0":"post-24972","1":"product","2":"type-product","3":"status-publish","4":"has-post-thumbnail","6":"product_cat-accesorios","7":"product_cat-todos","8":"product_tag-accesoriosencuero","9":"product_tag-amor","10":"product_tag-aretes","11":"product_tag-aretesencuero","12":"product_tag-colombia","13":"product_tag-cuero","14":"product_tag-mujer","15":"product_tag-mujeres","17":"first","18":"instock","19":"shipping-taxable","20":"purchasable","21":"product-type-variable","22":"rtwpvs-product"},"_links":{"self":[{"href":"https:\/\/garcesbottier.com\/en\/wp-json\/wp\/v2\/product\/24972","targetHints":{"allow":["GET"]}}],"collection":[{"href":"https:\/\/garcesbottier.com\/en\/wp-json\/wp\/v2\/product"}],"about":[{"href":"https:\/\/garcesbottier.com\/en\/wp-json\/wp\/v2\/types\/product"}],"replies":[{"embeddable":true,"href":"https:\/\/garcesbottier.com\/en\/wp-json\/wp\/v2\/comments?post=24972"}],"wp:featuredmedia":[{"embeddable":true,"href":"https:\/\/garcesbottier.com\/en\/wp-json\/wp\/v2\/media\/24979"}],"wp:attachment":[{"href":"https:\/\/garcesbottier.com\/en\/wp-json\/wp\/v2\/media?parent=24972"}],"wp:term":[{"taxonomy":"product_brand","embeddable":true,"href":"https:\/\/garcesbottier.com\/en\/wp-json\/wp\/v2\/product_brand?post=24972"},{"taxonomy":"product_cat","embeddable":true,"href":"https:\/\/garcesbottier.com\/en\/wp-json\/wp\/v2\/product_cat?post=24972"},{"taxonomy":"product_tag","embeddable":true,"href":"https:\/\/garcesbottier.com\/en\/wp-json\/wp\/v2\/product_tag?post=24972"}],"curies":[{"name":"wp","href":"https:\/\/api.w.org\/{rel}","templated":true}]}}