{"id":25005,"date":"2026-02-13T17:11:10","date_gmt":"2026-02-13T22:11:10","guid":{"rendered":"https:\/\/garcesbottier.com\/?post_type=product&#038;p=25005"},"modified":"2026-02-13T17:13:52","modified_gmt":"2026-02-13T22:13:52","slug":"portagafas-funny-pestanas","status":"publish","type":"product","link":"https:\/\/garcesbottier.com\/en\/tienda\/accesorios\/portagafas-funny-pestanas\/","title":{"rendered":"Portagafas Funny Pesta\u00f1as"},"content":{"rendered":"<p>Pr\u00e1ctico y vers\u00e1til . El estuche para gafas Funny est\u00e1 elaborado con cuero de alta calidad y forrado con tela suave, ideal para proteger tus gafas de diario con estilo. Su dise\u00f1o ligero y compacto lo hace perfecto para llevarlo en el bolso, evitando rayones y manteniendo tus gafas siempre a mano. Un accesorio funcional que combina durabilidad, dise\u00f1o y personalidad.<\/p>\n<p>Details:<\/p>\n<p>Alto: 9,5 cm; largo: 19,5 cm.<\/p>\n<p>Hecho en cuero genuino<\/p>\n<p>La parte trasera del estuche para gafas est\u00e1 hecha con patchwork de cuero, reutilizando retales de la producci\u00f3n de nuestros zapatos. Por esta raz\u00f3n, el color y la textura del cuero de la parte trasera pueden variar y llegar en tonos contrastantes o diferentes a los de la parte delantera. Cada pieza es \u00fanica y refleja nuestro compromiso con el uso responsable de materiales y la creaci\u00f3n de accesorios con un car\u00e1cter propio.<\/p>\n<p>Made in Colombia<\/p>\n<p>Los pedidos se enviar\u00e1n dentro de los diez (10) d\u00edas h\u00e1biles siguientes a la fecha de compra.<\/p>\n<p>Se aceptar\u00e1n cambios y devoluciones dentro de los treinta (30) d\u00edas calendario. Los art\u00edculos no deben mostrar signos de desgaste.<\/p>","protected":false},"excerpt":{"rendered":"<p>Pr\u00e1ctico y vers\u00e1til . El estuche para gafas Funny est\u00e1 elaborado con cuero de alta calidad y forrado con tela suave, ideal para proteger tus gafas de diario con estilo. Su dise\u00f1o ligero y compacto lo hace perfecto para llevarlo en el bolso, evitando rayones y manteniendo tus gafas siempre a mano. Un accesorio funcional [&hellip;]<\/p>\n","protected":false},"featured_media":25004,"comment_status":"open","ping_status":"closed","template":"","meta":[],"product_brand":[],"product_cat":[48,150],"product_tag":[51,25,52,28,354,30,21,22,355],"class_list":{"0":"post-25005","1":"product","2":"type-product","3":"status-publish","4":"has-post-thumbnail","6":"product_cat-accesorios","7":"product_cat-todos","8":"product_tag-accesoriosencuero","9":"product_tag-amor","10":"product_tag-aretesencuero","11":"product_tag-colombia","12":"product_tag-cosmetiquera","13":"product_tag-cuero","14":"product_tag-mujer","15":"product_tag-mujeres","16":"product_tag-portagafas","18":"first","19":"instock","20":"shipping-taxable","21":"purchasable","22":"product-type-variable","23":"rtwpvs-product"},"_links":{"self":[{"href":"https:\/\/garcesbottier.com\/en\/wp-json\/wp\/v2\/product\/25005","targetHints":{"allow":["GET"]}}],"collection":[{"href":"https:\/\/garcesbottier.com\/en\/wp-json\/wp\/v2\/product"}],"about":[{"href":"https:\/\/garcesbottier.com\/en\/wp-json\/wp\/v2\/types\/product"}],"replies":[{"embeddable":true,"href":"https:\/\/garcesbottier.com\/en\/wp-json\/wp\/v2\/comments?post=25005"}],"wp:featuredmedia":[{"embeddable":true,"href":"https:\/\/garcesbottier.com\/en\/wp-json\/wp\/v2\/media\/25004"}],"wp:attachment":[{"href":"https:\/\/garcesbottier.com\/en\/wp-json\/wp\/v2\/media?parent=25005"}],"wp:term":[{"taxonomy":"product_brand","embeddable":true,"href":"https:\/\/garcesbottier.com\/en\/wp-json\/wp\/v2\/product_brand?post=25005"},{"taxonomy":"product_cat","embeddable":true,"href":"https:\/\/garcesbottier.com\/en\/wp-json\/wp\/v2\/product_cat?post=25005"},{"taxonomy":"product_tag","embeddable":true,"href":"https:\/\/garcesbottier.com\/en\/wp-json\/wp\/v2\/product_tag?post=25005"}],"curies":[{"name":"wp","href":"https:\/\/api.w.org\/{rel}","templated":true}]}}