{"id":25021,"date":"2026-02-13T17:54:14","date_gmt":"2026-02-13T22:54:14","guid":{"rendered":"https:\/\/garcesbottier.com\/?post_type=product&#038;p=25021"},"modified":"2026-02-13T18:00:28","modified_gmt":"2026-02-13T23:00:28","slug":"porta-documentos-nube","status":"publish","type":"product","link":"https:\/\/garcesbottier.com\/en\/tienda\/accesorios\/porta-documentos-nube\/","title":{"rendered":"Porta Documentos Nube"},"content":{"rendered":"<p>Compacto, funcional y elegante. Fabricado en piel de alta calidad, este tarjetero combina colores contrastantes y un dise\u00f1o contempor\u00e1neo en un pr\u00e1ctico accesorio para el d\u00eda a d\u00eda.<\/p>\n<p>Details:<\/p>\n<p>Alto: 7,8 cm; largo: 12 cm<\/p>\n<p>Hecho en piel aut\u00e9ntica<\/p>\n<p>La parte trasera del estuche est\u00e1 hecha con patchwork de piel, reutilizando retales de la producci\u00f3n de nuestros zapatos. Por ello, el color y la textura de la piel de la parte trasera pueden variar y presentar tonos contrastantes o diferentes a los de la parte delantera. Cada pieza es \u00fanica y refleja nuestro compromiso con el uso responsable de los materiales y la creaci\u00f3n de accesorios con un car\u00e1cter propio.<\/p>","protected":false},"excerpt":{"rendered":"<p>Compacto, funcional y elegante. Fabricado en piel de alta calidad, este tarjetero combina colores contrastantes y un dise\u00f1o contempor\u00e1neo en un pr\u00e1ctico accesorio para el d\u00eda a d\u00eda. Detalles: Alto: 7,8 cm; largo: 12 cm Hecho en piel aut\u00e9ntica La parte trasera del estuche est\u00e1 hecha con patchwork de piel, reutilizando retales de la producci\u00f3n [&hellip;]<\/p>\n","protected":false},"featured_media":25015,"comment_status":"open","ping_status":"closed","template":"","meta":[],"product_brand":[],"product_cat":[48,150],"product_tag":[51,25,52,28,354,30,21,22,356,355],"class_list":{"0":"post-25021","1":"product","2":"type-product","3":"status-publish","4":"has-post-thumbnail","6":"product_cat-accesorios","7":"product_cat-todos","8":"product_tag-accesoriosencuero","9":"product_tag-amor","10":"product_tag-aretesencuero","11":"product_tag-colombia","12":"product_tag-cosmetiquera","13":"product_tag-cuero","14":"product_tag-mujer","15":"product_tag-mujeres","16":"product_tag-porta-documentos","17":"product_tag-portagafas","19":"first","20":"instock","21":"shipping-taxable","22":"purchasable","23":"product-type-variable","24":"rtwpvs-product"},"_links":{"self":[{"href":"https:\/\/garcesbottier.com\/en\/wp-json\/wp\/v2\/product\/25021","targetHints":{"allow":["GET"]}}],"collection":[{"href":"https:\/\/garcesbottier.com\/en\/wp-json\/wp\/v2\/product"}],"about":[{"href":"https:\/\/garcesbottier.com\/en\/wp-json\/wp\/v2\/types\/product"}],"replies":[{"embeddable":true,"href":"https:\/\/garcesbottier.com\/en\/wp-json\/wp\/v2\/comments?post=25021"}],"wp:featuredmedia":[{"embeddable":true,"href":"https:\/\/garcesbottier.com\/en\/wp-json\/wp\/v2\/media\/25015"}],"wp:attachment":[{"href":"https:\/\/garcesbottier.com\/en\/wp-json\/wp\/v2\/media?parent=25021"}],"wp:term":[{"taxonomy":"product_brand","embeddable":true,"href":"https:\/\/garcesbottier.com\/en\/wp-json\/wp\/v2\/product_brand?post=25021"},{"taxonomy":"product_cat","embeddable":true,"href":"https:\/\/garcesbottier.com\/en\/wp-json\/wp\/v2\/product_cat?post=25021"},{"taxonomy":"product_tag","embeddable":true,"href":"https:\/\/garcesbottier.com\/en\/wp-json\/wp\/v2\/product_tag?post=25021"}],"curies":[{"name":"wp","href":"https:\/\/api.w.org\/{rel}","templated":true}]}}