{"id":281,"date":"2021-10-18T19:36:59","date_gmt":"2021-10-19T00:36:59","guid":{"rendered":"https:\/\/garcesbottier.com\/?post_type=product&#038;p=281"},"modified":"2026-02-02T10:51:25","modified_gmt":"2026-02-02T15:51:25","slug":"baleta-patch-hueso","status":"publish","type":"product","link":"https:\/\/garcesbottier.com\/en\/tienda\/baletas\/baleta-patch-hueso\/","title":{"rendered":"Baleta Patch Hueso Preorden"},"content":{"rendered":"<p>Atr\u00e9vete a destacar con las exclusivas baletas Patch. Su dise\u00f1o en cortes diagonales con contraste de color crea una silueta moderna y sofisticada, mientras que el tac\u00f3n en madera de 2,5 cm aporta un toque elegante y funcional. Elaboradas 100% en cuero y forradas en cuero natural, con detalle de hebilla en el tal\u00f3n que realza su car\u00e1cter \u00fanico. Estilo, comodidad y dise\u00f1o con sello artesanal.<\/p>\n<ul>\n<li>Dise\u00f1o con cortes diagonales en contraste<\/li>\n<li>Elaboradas en cuero genuino<\/li>\n<li>Forro 100% en cuero natural<\/li>\n<li>Tac\u00f3n en madera de 2,5 cm<\/li>\n<li>Hebilla funcional en el tal\u00f3n<\/li>\n<li>Sole with non-slip finish<\/li>\n<li>Construcci\u00f3n interna sin costuras expuestas para mayor confort<\/li>\n<\/ul>\n<p class=\"\" data-start=\"870\" data-end=\"891\"><strong data-start=\"870\" data-end=\"891\">Made in Colombia<\/strong><\/p>\n<p class=\"\" data-start=\"893\" data-end=\"1139\"><strong data-start=\"275\" data-end=\"287\">Preorden<\/strong><br data-start=\"287\" data-end=\"290\" \/>Este modelo se produce bajo modalidad de preorden. Cada par es elaborado especialmente para ti, respetando nuestros procesos artesanales y est\u00e1ndares de calidad.<br data-start=\"451\" data-end=\"454\" \/>El tiempo de fabricaci\u00f3n es de <strong data-start=\"485\" data-end=\"504\">15 d\u00edas h\u00e1biles<\/strong>, una espera que garantiza una pieza cuidadosamente hecha, pensada para acompa\u00f1arte por mucho tiempo.<\/p>\n<p class=\"\" data-start=\"893\" data-end=\"1139\">Los cambios y devoluciones se recibir\u00e1n en un plazo no mayor a treinta (30) d\u00edas calendario; los art\u00edculos no deben presentar evidencia de uso<\/p>","protected":false},"excerpt":{"rendered":"<p>Atr\u00e9vete a destacar con las exclusivas baletas Patch. Su dise\u00f1o en cortes diagonales con contraste de color crea una silueta moderna y sofisticada, mientras que el tac\u00f3n en madera de 2,5 cm aporta un toque elegante y funcional. Elaboradas 100% en cuero y forradas en cuero natural, con detalle de hebilla en el tal\u00f3n que [&hellip;]<\/p>\n","protected":false},"featured_media":2044,"comment_status":"open","ping_status":"closed","template":"","meta":[],"product_brand":[],"product_cat":[33,18,297,287],"product_tag":[25,29,46,27,28,26,30,21,22,23,20,44,45,43,24],"class_list":{"0":"post-281","1":"product","2":"type-product","3":"status-publish","4":"has-post-thumbnail","6":"product_cat-baletas","7":"product_cat-planos","8":"product_cat-popsicle","9":"product_cat-tacon-bajo","10":"product_tag-amor","11":"product_tag-artesanal","12":"product_tag-baletas","13":"product_tag-bucaramanga","14":"product_tag-colombia","15":"product_tag-colombiano","16":"product_tag-cuero","17":"product_tag-mujer","18":"product_tag-mujeres","19":"product_tag-ropa","20":"product_tag-sandalias","21":"product_tag-stilettos","22":"product_tag-suecos","23":"product_tag-tacones","24":"product_tag-zapatos","26":"first","27":"instock","28":"shipping-taxable","29":"purchasable","30":"product-type-variable","31":"rtwpvs-product"},"_links":{"self":[{"href":"https:\/\/garcesbottier.com\/en\/wp-json\/wp\/v2\/product\/281","targetHints":{"allow":["GET"]}}],"collection":[{"href":"https:\/\/garcesbottier.com\/en\/wp-json\/wp\/v2\/product"}],"about":[{"href":"https:\/\/garcesbottier.com\/en\/wp-json\/wp\/v2\/types\/product"}],"replies":[{"embeddable":true,"href":"https:\/\/garcesbottier.com\/en\/wp-json\/wp\/v2\/comments?post=281"}],"wp:featuredmedia":[{"embeddable":true,"href":"https:\/\/garcesbottier.com\/en\/wp-json\/wp\/v2\/media\/2044"}],"wp:attachment":[{"href":"https:\/\/garcesbottier.com\/en\/wp-json\/wp\/v2\/media?parent=281"}],"wp:term":[{"taxonomy":"product_brand","embeddable":true,"href":"https:\/\/garcesbottier.com\/en\/wp-json\/wp\/v2\/product_brand?post=281"},{"taxonomy":"product_cat","embeddable":true,"href":"https:\/\/garcesbottier.com\/en\/wp-json\/wp\/v2\/product_cat?post=281"},{"taxonomy":"product_tag","embeddable":true,"href":"https:\/\/garcesbottier.com\/en\/wp-json\/wp\/v2\/product_tag?post=281"}],"curies":[{"name":"wp","href":"https:\/\/api.w.org\/{rel}","templated":true}]}}