{"id":3953,"date":"2022-04-01T12:30:44","date_gmt":"2022-04-01T17:30:44","guid":{"rendered":"https:\/\/garcesbottier.com\/?post_type=product&#038;p=3953"},"modified":"2026-02-02T13:58:28","modified_gmt":"2026-02-02T18:58:28","slug":"matisse7-hueso","status":"publish","type":"product","link":"https:\/\/garcesbottier.com\/en\/tienda\/big-smile\/matisse7-hueso\/","title":{"rendered":"Matisse7 Hueso Preorden"},"content":{"rendered":"<p>Las <strong data-start=\"171\" data-end=\"183\">Matisse7<\/strong> Hueso son nuestras sandalias m\u00e1s ic\u00f3nicas y aclamadas, reconocidas por su silueta \u00fanica y su aut\u00e9ntica inspiraci\u00f3n en la obra del artista <strong data-start=\"316\" data-end=\"334\">Maison Matisse<\/strong>. Este modelo tipo bot\u00edn, elaborado en cuero genuino, es una pieza de autor que fusiona arte, dise\u00f1o y sofisticaci\u00f3n. Su tac\u00f3n estructural torneado en madera de 7,5 cm no solo aporta altura, sino tambi\u00e9n una presencia escult\u00f3rica que transforma cada paso en una declaraci\u00f3n creativa.<\/p>\n<p><strong>Details:<\/strong><\/p>\n<ul>\n<li>Sandalia tipo bot\u00edn en cuero genuino<\/li>\n<li>Tac\u00f3n torneado en madera de 7,5 cm<\/li>\n<li>Forro 100% en cuero natural<\/li>\n<li>Plantilla acolchada para mayor confort<\/li>\n<li>Sole with non-slip finish<\/li>\n<li>Hechas a mano con acabados artesanales<\/li>\n<\/ul>\n<p class=\"\" data-start=\"925\" data-end=\"946\"><strong data-start=\"925\" data-end=\"946\">Made in Colombia<\/strong><\/p>\n<p class=\"\" data-start=\"948\" data-end=\"1194\"><strong data-start=\"275\" data-end=\"287\">Preorden<\/strong><br data-start=\"287\" data-end=\"290\" \/>Este modelo se produce bajo modalidad de preorden. Cada par es elaborado especialmente para ti, respetando nuestros procesos artesanales y est\u00e1ndares de calidad.<br data-start=\"451\" data-end=\"454\" \/>El tiempo de fabricaci\u00f3n es de <strong data-start=\"485\" data-end=\"504\">15 d\u00edas h\u00e1biles<\/strong>, una espera que garantiza una pieza cuidadosamente hecha, pensada para acompa\u00f1arte por mucho tiempo.<\/p>\n<p class=\"\" data-start=\"948\" data-end=\"1194\">Los cambios y devoluciones se recibir\u00e1n en un plazo no mayor a treinta (30) d\u00edas calendario; los art\u00edculos no deben presentar evidencia de uso.<\/p>","protected":false},"excerpt":{"rendered":"<p>Las Matisse7 Hueso son nuestras sandalias m\u00e1s ic\u00f3nicas y aclamadas, reconocidas por su silueta \u00fanica y su aut\u00e9ntica inspiraci\u00f3n en la obra del artista Maison Matisse. Este modelo tipo bot\u00edn, elaborado en cuero genuino, es una pieza de autor que fusiona arte, dise\u00f1o y sofisticaci\u00f3n. Su tac\u00f3n estructural torneado en madera de 7,5 cm no [&hellip;]<\/p>\n","protected":false},"featured_media":3969,"comment_status":"open","ping_status":"closed","template":"","meta":[],"product_brand":[],"product_cat":[142,329,34,326],"product_tag":[60,51,52,29,46,27,28,26,30,58,61,21,22,50,44,43,24],"class_list":{"0":"post-3953","1":"product","2":"type-product","3":"status-publish","4":"has-post-thumbnail","6":"product_cat-big-smile","7":"product_cat-musthave","8":"product_cat-tacon_alto","9":"product_cat-tacones","10":"product_tag-accesorios","11":"product_tag-accesoriosencuero","12":"product_tag-aretesencuero","13":"product_tag-artesanal","14":"product_tag-baletas","15":"product_tag-bucaramanga","16":"product_tag-colombia","17":"product_tag-colombiano","18":"product_tag-cuero","19":"product_tag-fashion","20":"product_tag-love","21":"product_tag-mujer","22":"product_tag-mujeres","23":"product_tag-sandaliaencuero","24":"product_tag-stilettos","25":"product_tag-tacones","26":"product_tag-zapatos","28":"first","29":"instock","30":"shipping-taxable","31":"purchasable","32":"product-type-variable","33":"rtwpvs-product"},"_links":{"self":[{"href":"https:\/\/garcesbottier.com\/en\/wp-json\/wp\/v2\/product\/3953","targetHints":{"allow":["GET"]}}],"collection":[{"href":"https:\/\/garcesbottier.com\/en\/wp-json\/wp\/v2\/product"}],"about":[{"href":"https:\/\/garcesbottier.com\/en\/wp-json\/wp\/v2\/types\/product"}],"replies":[{"embeddable":true,"href":"https:\/\/garcesbottier.com\/en\/wp-json\/wp\/v2\/comments?post=3953"}],"wp:featuredmedia":[{"embeddable":true,"href":"https:\/\/garcesbottier.com\/en\/wp-json\/wp\/v2\/media\/3969"}],"wp:attachment":[{"href":"https:\/\/garcesbottier.com\/en\/wp-json\/wp\/v2\/media?parent=3953"}],"wp:term":[{"taxonomy":"product_brand","embeddable":true,"href":"https:\/\/garcesbottier.com\/en\/wp-json\/wp\/v2\/product_brand?post=3953"},{"taxonomy":"product_cat","embeddable":true,"href":"https:\/\/garcesbottier.com\/en\/wp-json\/wp\/v2\/product_cat?post=3953"},{"taxonomy":"product_tag","embeddable":true,"href":"https:\/\/garcesbottier.com\/en\/wp-json\/wp\/v2\/product_tag?post=3953"}],"curies":[{"name":"wp","href":"https:\/\/api.w.org\/{rel}","templated":true}]}}